{"id":29,"date":"2025-04-29T20:49:33","date_gmt":"2025-04-30T00:49:33","guid":{"rendered":"https:\/\/finknowledgehub.com\/?page_id=29"},"modified":"2025-05-05T04:28:49","modified_gmt":"2025-05-05T08:28:49","slug":"home","status":"publish","type":"page","link":"https:\/\/finknowledgehub.com\/","title":{"rendered":"Finance Knowledge Hub"},"content":{"rendered":"<div class=\"fkh-wrapper\">\n    <!-- Header Section --><\/p>\n<header class=\"fkh-header\">\n<div class=\"fkh-container\">\n<div class=\"fkh-header-inner\">\n                <a href=\"#\" class=\"fkh-logo\">Finance <span>Knowledge Hub<\/span><\/a><\/p>\n<nav class=\"fkh-nav\">\n<ul>\n<li><a href=\"#inicio\">Inicio<\/a><\/li>\n<li><a href=\"#servicios\">Servicios<\/a><\/li>\n<li><a href=\"#nosotros\">Nosotros<\/a><\/li>\n<li><a href=\"#contacto\">Contacto<\/a><\/li>\n<\/ul>\n<\/nav>\n<\/div>\n<\/div>\n<\/header>\n<p>    <!-- Hero Section --><\/p>\n<section class=\"fkh-hero\" id=\"inicio\">\n<div class=\"fkh-container\">\n<div class=\"fkh-hero-content\">\n<h1>Expertos en Consultor\u00eda y Capacitaci\u00f3n en Criptomonedas<\/h1>\n<p>Impulsamos la adopci\u00f3n estrat\u00e9gica de Bitcoin y criptoactivos en empresas y profesionales financieros mediante conocimiento especializado y soluciones pr\u00e1cticas.<\/p>\n<p><a href=\"#contacto\" class=\"fkh-btn\">Contactar Expertos<\/a><\/div>\n<\/div>\n<\/section>\n<p>    <!-- About Section --><\/p>\n<section class=\"fkh-about\" id=\"nosotros\">\n<div class=\"fkh-container\">\n<div class=\"fkh-section-title\">\n<h2>Nuestro Enfoque<\/h2>\n<div class=\"fkh-underline\"><\/div>\n<\/div>\n<div class=\"fkh-about-content\">\n<div class=\"fkh-about-text\">\n<h3>Educaci\u00f3n financiera para la era cripto<\/h3>\n<p>En Finance Knowledge Hub combinamos d\u00e9cadas de experiencia en mercados financieros tradicionales con conocimiento profundo de la revoluci\u00f3n blockchain.<\/p>\n<p>Nuestro equipo multidisciplinario de consultores certificados ayuda a empresas e instituciones a navegar el complejo mundo de las criptomonedas con enfoque estrat\u00e9gico y cumplimiento regulatorio.<\/p>\n<p>M\u00e1s que simples asesores, somos educadores comprometidos con empoderar a nuestros clientes con conocimiento pr\u00e1ctico y aplicable.<\/p>\n<\/div>\n<div class=\"fkh-about-image\">\n                    <img decoding=\"async\" src=\"https:\/\/images.unsplash.com\/photo-1639762681057-408e52192e55?q=80&#038;w=2232&#038;auto=format&#038;fit=crop\" alt=\"Equipo de consultor\u00eda\"><\/div>\n<\/div>\n<\/div>\n<\/section>\n<p>    <!-- Services Section --><\/p>\n<section class=\"fkh-services\" id=\"servicios\">\n<div class=\"fkh-container\">\n<div class=\"fkh-section-title\">\n<h2>Nuestros Servicios<\/h2>\n<div class=\"fkh-underline\"><\/div>\n<\/div>\n<div class=\"fkh-services-grid\">\n<div class=\"fkh-service-card\">\n<div class=\"fkh-service-icon\">\n                        <i class=\"fas fa-chart-line\"><\/i><\/div>\n<div class=\"fkh-service-content\">\n<h3>Consultor\u00eda Estrat\u00e9gica<\/h3>\n<p>Desarrollamos planes personalizados para la integraci\u00f3n de criptoactivos en su estrategia corporativa, gesti\u00f3n de tesorer\u00eda y modelo de negocio.<\/p>\n<\/div>\n<\/div>\n<div class=\"fkh-service-card\">\n<div class=\"fkh-service-icon\">\n                        <i class=\"fas fa-graduation-cap\"><\/i><\/div>\n<div class=\"fkh-service-content\">\n<h3>Capacitaci\u00f3n Ejecutiva<\/h3>\n<p>Programas formativos para equipos directivos y financieros, desde fundamentos hasta implementaci\u00f3n pr\u00e1ctica de soluciones blockchain.<\/p>\n<\/div>\n<\/div>\n<div class=\"fkh-service-card\">\n<div class=\"fkh-service-icon\">\n                        <i class=\"fas fa-shield-alt\"><\/i><\/div>\n<div class=\"fkh-service-content\">\n<h3>Seguridad y Cumplimiento<\/h3>\n<p>Asesor\u00eda en custodia segura de activos digitales, gesti\u00f3n de riesgos y cumplimiento con regulaciones AML\/CFT aplicables.<\/p>\n<\/div>\n<\/div>\n<div class=\"fkh-service-card\">\n<div class=\"fkh-service-icon\">\n                        <i class=\"fas fa-bitcoin\"><\/i><\/div>\n<div class=\"fkh-service-content\">\n<h3>Estrategias con Bitcoin<\/h3>\n<p>Enfoque especializado en Bitcoin como reserva de valor corporativa y herramienta de cobertura contra la inflaci\u00f3n.<\/p>\n<\/div>\n<\/div>\n<div class=\"fkh-service-card\">\n<div class=\"fkh-service-icon\">\n                        <i class=\"fas fa-project-diagram\"><\/i><\/div>\n<div class=\"fkh-service-content\">\n<h3>Implementaci\u00f3n Tecnol\u00f3gica<\/h3>\n<p>Asesor\u00eda en selecci\u00f3n e integraci\u00f3n de soluciones tecnol\u00f3gicas para gesti\u00f3n de criptoactivos en entornos corporativos.<\/p>\n<\/div>\n<\/div>\n<div class=\"fkh-service-card\">\n<div class=\"fkh-service-icon\">\n                        <i class=\"fas fa-balance-scale\"><\/i><\/div>\n<div class=\"fkh-service-content\">\n<h3>Asesor\u00eda Regulatoria<\/h3>\n<p>An\u00e1lisis de marco regulatorio aplicable y dise\u00f1o de pol\u00edticas internas para operaci\u00f3n con activos digitales.<\/p>\n<\/div>\n<\/div>\n<\/div>\n<\/div>\n<\/section>\n<p>    <!-- CTA Section --><\/p>\n<section class=\"fkh-cta\">\n<div class=\"fkh-container\">\n<h2>\u00bfListo para transformar su estrategia financiera?<\/h2>\n<p>Agende una consultor\u00eda inicial sin costo con nuestros expertos para evaluar oportunidades espec\u00edficas para su organizaci\u00f3n.<\/p>\n<p><a href=\"#contacto\" class=\"fkh-btn fkh-btn-light\">Solicitar Consulta Inicial<\/a><\/div>\n<\/section>\n<p>    <!-- Contact Section --><\/p>\n<section class=\"fkh-contact\" id=\"contacto\">\n<div class=\"fkh-container\">\n<div class=\"fkh-section-title\">\n<h2>Contacto<\/h2>\n<div class=\"fkh-underline\"><\/div>\n<\/div>\n<div class=\"fkh-contact-form\">\n    \n<div class=\"wpcf7 no-js\" id=\"wpcf7-f156-o1\" lang=\"es-VE\" dir=\"ltr\" data-wpcf7-id=\"156\">\n<div class=\"screen-reader-response\"><p role=\"status\" aria-live=\"polite\" aria-atomic=\"true\"><\/p> <ul><\/ul><\/div>\n<form action=\"\/index.php?rest_route=%2Fwp%2Fv2%2Fpages%2F29#wpcf7-f156-o1\" method=\"post\" class=\"wpcf7-form init\" aria-label=\"Formulario de contacto\" novalidate=\"novalidate\" data-status=\"init\">\n<div style=\"display: none;\">\n<input type=\"hidden\" name=\"_wpcf7\" value=\"156\" \/>\n<input type=\"hidden\" name=\"_wpcf7_version\" value=\"6.0.6\" \/>\n<input type=\"hidden\" name=\"_wpcf7_locale\" value=\"es_VE\" \/>\n<input type=\"hidden\" name=\"_wpcf7_unit_tag\" value=\"wpcf7-f156-o1\" \/>\n<input type=\"hidden\" name=\"_wpcf7_container_post\" value=\"0\" \/>\n<input type=\"hidden\" name=\"_wpcf7_posted_data_hash\" value=\"\" \/>\n<\/div>\n<div class=\"fkh-form-group\">\n\t<p><label for=\"fkh-name\">Nombre Completo<\/label><br \/>\n<span class=\"wpcf7-form-control-wrap\" data-name=\"fkh-name\"><input size=\"40\" maxlength=\"400\" class=\"wpcf7-form-control wpcf7-text wpcf7-validates-as-required\" id=\"fkh-name\" aria-required=\"true\" aria-invalid=\"false\" value=\"\" type=\"text\" name=\"fkh-name\" \/><\/span>\n\t<\/p>\n<\/div>\n<div class=\"fkh-form-group\">\n\t<p><label for=\"fkh-email\">Correo Electr\u00f3nico<\/label><br \/>\n<span class=\"wpcf7-form-control-wrap\" data-name=\"fkh-email\"><input size=\"40\" maxlength=\"400\" class=\"wpcf7-form-control wpcf7-email wpcf7-validates-as-required wpcf7-text wpcf7-validates-as-email\" id=\"fkh-email\" aria-required=\"true\" aria-invalid=\"false\" value=\"\" type=\"email\" name=\"fkh-email\" \/><\/span>\n\t<\/p>\n<\/div>\n<div class=\"fkh-form-group\">\n\t<p><label for=\"fkh-company\">Empresa\/Organizaci\u00f3n<\/label><br \/>\n<span class=\"wpcf7-form-control-wrap\" data-name=\"fkh-company\"><input size=\"40\" maxlength=\"400\" class=\"wpcf7-form-control wpcf7-text\" id=\"fkh-company\" aria-invalid=\"false\" value=\"\" type=\"text\" name=\"fkh-company\" \/><\/span>\n\t<\/p>\n<\/div>\n<div class=\"fkh-form-group\">\n\t<p><label for=\"fkh-service\">Servicio de Inter\u00e9s<\/label><br \/>\n<span class=\"wpcf7-form-control-wrap\" data-name=\"fkh-service\"><select class=\"wpcf7-form-control wpcf7-select wpcf7-validates-as-required\" id=\"fkh-service\" aria-required=\"true\" aria-invalid=\"false\" name=\"fkh-service\"><option value=\"\">&#8212;Por favor, elige una opci\u00f3n&#8212;<\/option><option value=\"Consultor\u00eda Estrat\u00e9gica\">Consultor\u00eda Estrat\u00e9gica<\/option><option value=\"Capacitaci\u00f3n Ejecutiva\">Capacitaci\u00f3n Ejecutiva<\/option><option value=\"Seguridad y Cumplimiento\">Seguridad y Cumplimiento<\/option><option value=\"Estrategias con Bitcoin\">Estrategias con Bitcoin<\/option><option value=\"Implementaci\u00f3n Tecnol\u00f3gica\">Implementaci\u00f3n Tecnol\u00f3gica<\/option><option value=\"Asesor\u00eda Regulatoria\">Asesor\u00eda Regulatoria<\/option><\/select><\/span>\n\t<\/p>\n<\/div>\n<div class=\"fkh-form-group\">\n\t<p><label for=\"fkh-message\">Mensaje<\/label><br \/>\n<span class=\"wpcf7-form-control-wrap\" data-name=\"fkh-message\"><textarea cols=\"40\" rows=\"10\" maxlength=\"2000\" class=\"wpcf7-form-control wpcf7-textarea\" id=\"fkh-message\" aria-invalid=\"false\" name=\"fkh-message\"><\/textarea><\/span>\n\t<\/p>\n<\/div>\n<p><input class=\"wpcf7-form-control wpcf7-submit has-spinner fkh-btn\" type=\"submit\" value=\"Enviar Mensaje\" \/>\n<\/p><div class=\"wpcf7-response-output\" aria-hidden=\"true\"><\/div>\n<\/form>\n<\/div>\n\n<\/div>\n<\/div>\n<\/section>\n<p>    <!-- Footer --><\/p>\n<footer class=\"fkh-footer\">\n<div class=\"fkh-container\">\n<div class=\"fkh-footer-links\">\n                <a href=\"#inicio\">Inicio<\/a><br \/>\n                <a href=\"#servicios\">Servicios<\/a><br \/>\n                <a href=\"#nosotros\">Nosotros<\/a><br \/>\n                <a href=\"#contacto\">Contacto<\/a><br \/>\n                <a href=\"#\">Blog<\/a><br \/>\n                <a href=\"#\">Privacidad<\/a><\/div>\n<div class=\"fkh-social-links\">\n                <a href=\"#\"><i class=\"fab fa-twitter\"><\/i><\/a><br \/>\n                <a href=\"#\"><i class=\"fab fa-linkedin\"><\/i><\/a><br \/>\n                <a href=\"#\"><i class=\"fab fa-youtube\"><\/i><\/a><br \/>\n                <a href=\"#\"><i class=\"fab fa-telegram\"><\/i><\/a><\/div>\n<p>&copy; 2023 Finance Knowledge Hub. Todos los derechos reservados.<\/p>\n<\/div>\n<\/footer>\n<\/div>\n","protected":false},"excerpt":{"rendered":"<p>Finance Knowledge Hub Inicio Servicios Nosotros Contacto Expertos en Consultor\u00eda y Capacitaci\u00f3n en Criptomonedas Impulsamos la adopci\u00f3n estrat\u00e9gica de Bitcoin y criptoactivos en empresas y profesionales financieros mediante conocimiento especializado y soluciones pr\u00e1cticas. Contactar Expertos Nuestro Enfoque Educaci\u00f3n financiera para la era cripto En Finance Knowledge Hub combinamos d\u00e9cadas de experiencia en mercados financieros tradicionales<\/p>\n<div class=\"more-link\">\n\t\t\t\t <a href=\"https:\/\/finknowledgehub.com\/\" class=\"theme-btn\"><span>Seguir leyendo<\/span><\/a>\n\t\t\t<\/div>\n","protected":false},"author":1,"featured_media":0,"parent":0,"menu_order":0,"comment_status":"closed","ping_status":"closed","template":"elementor_header_footer","meta":{"footnotes":""},"class_list":["post-29","page","type-page","status-publish","hentry"],"_links":{"self":[{"href":"https:\/\/finknowledgehub.com\/index.php?rest_route=\/wp\/v2\/pages\/29","targetHints":{"allow":["GET"]}}],"collection":[{"href":"https:\/\/finknowledgehub.com\/index.php?rest_route=\/wp\/v2\/pages"}],"about":[{"href":"https:\/\/finknowledgehub.com\/index.php?rest_route=\/wp\/v2\/types\/page"}],"author":[{"embeddable":true,"href":"https:\/\/finknowledgehub.com\/index.php?rest_route=\/wp\/v2\/users\/1"}],"replies":[{"embeddable":true,"href":"https:\/\/finknowledgehub.com\/index.php?rest_route=%2Fwp%2Fv2%2Fcomments&post=29"}],"version-history":[{"count":5,"href":"https:\/\/finknowledgehub.com\/index.php?rest_route=\/wp\/v2\/pages\/29\/revisions"}],"predecessor-version":[{"id":159,"href":"https:\/\/finknowledgehub.com\/index.php?rest_route=\/wp\/v2\/pages\/29\/revisions\/159"}],"wp:attachment":[{"href":"https:\/\/finknowledgehub.com\/index.php?rest_route=%2Fwp%2Fv2%2Fmedia&parent=29"}],"curies":[{"name":"wp","href":"https:\/\/api.w.org\/{rel}","templated":true}]}}